{"id":2145,"date":"2018-06-21T15:36:06","date_gmt":"2018-06-21T21:36:06","guid":{"rendered":"http:\/\/megamascotasdf.com\/megamascotas\/?post_type=product&#038;p=2145"},"modified":"2022-06-07T11:05:02","modified_gmt":"2022-06-07T17:05:02","slug":"reef-kalkwasser-seachem","status":"publish","type":"product","link":"https:\/\/megamascotasdf.com\/megamascotas\/producto\/reef-kalkwasser-seachem\/","title":{"rendered":"Reef Kalkwasser Seachem"},"content":{"rendered":"<p>Reef Kalkwasser es un hidr\u00f3xido de calcio puro con excepcionales propiedades de pureza y solubilidad.<\/p>\n<p>El hidr\u00f3xido de calcio se utiliza para preparar agua de cal (kalkwasser), una soluci\u00f3n que se usa para mantener las concentraciones de calcio en los acuarios de arrecife en los mismos niveles que en el agua natural del mar.<\/p>\n<p>Es ideal para aumentar el calcio a trav\u00e9s del agua de reposici\u00f3n.<\/p>\n<p>Aumenta el pH sin impacto en la alcalinidad de carbonatos.<\/p>\n<p>NUNCA agregue este producto directamente al tanque. Agregue 3 g (1 cucharadita) a 4 L de agua y mezcle hasta disolver. Si usa agua pura, se prepara una soluci\u00f3n completamente saturada agregando 6 g (2 cucharaditas) a 4 L. <\/p>\n<p>Gotee esta soluci\u00f3n en el tanque. Controle el pH y la alcalinidad de carbonatos. Ajuste la velocidad de adici\u00f3n para mantener un pH estable (8,3\u20138,4). <\/p>\n<p>Notas: Agregar 4 L de una soluci\u00f3n saturada de kalkwasser a 150 L aumentar\u00e1 el calcio en 24 mg\/L. Utilice siempre el sobrenadante transparente (soluci\u00f3n superior) \u00fanicamente y no permita que el material sin disolver entre en el acuario. Mantenga este recipiente bien cerrado cuando no est\u00e9 en uso y minimice el contacto de la soluci\u00f3n con el aire para evitar la formaci\u00f3n o precipitaci\u00f3n de carbonato de calcio.<\/p>\n","protected":false},"excerpt":{"rendered":"<p>Ingrediente: Hidr\u00f3xido de Calcio.<\/p>\n","protected":false},"featured_media":7820,"comment_status":"open","ping_status":"closed","template":"","meta":[],"product_cat":[121,18],"product_tag":[120],"jetpack_publicize_connections":[],"_links":{"self":[{"href":"https:\/\/megamascotasdf.com\/megamascotas\/wp-json\/wp\/v2\/product\/2145"}],"collection":[{"href":"https:\/\/megamascotasdf.com\/megamascotas\/wp-json\/wp\/v2\/product"}],"about":[{"href":"https:\/\/megamascotasdf.com\/megamascotas\/wp-json\/wp\/v2\/types\/product"}],"replies":[{"embeddable":true,"href":"https:\/\/megamascotasdf.com\/megamascotas\/wp-json\/wp\/v2\/comments?post=2145"}],"wp:featuredmedia":[{"embeddable":true,"href":"https:\/\/megamascotasdf.com\/megamascotas\/wp-json\/wp\/v2\/media\/7820"}],"wp:attachment":[{"href":"https:\/\/megamascotasdf.com\/megamascotas\/wp-json\/wp\/v2\/media?parent=2145"}],"wp:term":[{"taxonomy":"product_cat","embeddable":true,"href":"https:\/\/megamascotasdf.com\/megamascotas\/wp-json\/wp\/v2\/product_cat?post=2145"},{"taxonomy":"product_tag","embeddable":true,"href":"https:\/\/megamascotasdf.com\/megamascotas\/wp-json\/wp\/v2\/product_tag?post=2145"}],"curies":[{"name":"wp","href":"https:\/\/api.w.org\/{rel}","templated":true}]}}