{"id":2128,"date":"2018-06-20T15:39:41","date_gmt":"2018-06-20T21:39:41","guid":{"rendered":"http:\/\/megamascotasdf.com\/megamascotas\/?post_type=product&#038;p=2128"},"modified":"2022-06-07T15:54:16","modified_gmt":"2022-06-07T21:54:16","slug":"reef-adventage-strontium-seachem","status":"publish","type":"product","link":"https:\/\/megamascotasdf.com\/megamascotas\/producto\/reef-adventage-strontium-seachem\/","title":{"rendered":"Reef Advantage Strontium Seachem"},"content":{"rendered":"<p>Reef Advantage Strontium restaura y mantiene el nivel de estroncio de su acuario de arrecife a los mismos niveles encontrados en agua natural de mar.<\/p>\n<p>Est\u00e1 basado en cloruro de estroncio en polvo.<\/p>\n<p>El estroncio es asimilado y usado por los corales del mismo modo que el calcio, teniendo una importancia similar a la hora de mantener un vigoroso crecimiento en los corales.<\/p>\n<p>Principiante<br \/>\nUse 6 g (1 cucharadita rasa) por 150 L dos veces por semana. Se puede agregar directamente al acuario.<\/p>\n<p>Avanzado<br \/>\nVerifique el nivel de estroncio (use Reef Status Strontium para probar los niveles de estroncio), luego siga el r\u00e9gimen de adici\u00f3n anterior hasta que el estroncio se ajuste a 8\u201312 mg\/L. Cada 6 g\/150 L aumentar\u00e1 el estroncio en aproximadamente 2 mg\/L. La cantidad o la frecuencia se pueden ajustar seg\u00fan sea necesario. A partir de entonces, util\u00edcelo seg\u00fan sea necesario para mantener el estroncio.<\/p>\n<p>Experto<br \/>\nDespu\u00e9s de determinar la tasa de agotamiento de estroncio, configure un sistema de goteo continuo. Use la siguiente f\u00f3rmula para determinar cu\u00e1nto agregar al agua de llenado: <\/p>\n<p>m=vs\/30 (m=gramos para agregar al agua de llenado, v=volumen del tanque en litros, s=cantidad a elevar de estroncio en mg\/L). <\/p>\n<p>Por ejemplo, si desea aumentar el estroncio en 6 mg\/L en un acuario de 200 L, debe agregar (200x6)\/30=40 g al agua de relleno.<br \/>\n[Para referencia: 1 gal\u00f3n = 3,8 litros]. Use el kit de prueba Reef Status: Strontium para verificar los niveles de estroncio.<\/p>\n<p>NO PROVOQUE UNA SOBREDOSIS: El exceso de estroncio puede aumentar la p\u00e9rdida de alcalinidad del carbonato. No mezclar directamente con ning\u00fan suplemento de carbonato. Es mejor si los aditivos de estroncio y carbonato se agregan en d\u00edas alternos o con al menos 30 minutos de diferencia.<\/p>\n","protected":false},"excerpt":{"rendered":"<p>Ingredientes: cloruro de estroncio.<\/p>\n","protected":false},"featured_media":7832,"comment_status":"open","ping_status":"closed","template":"","meta":[],"product_cat":[121,18,96],"product_tag":[120],"jetpack_publicize_connections":[],"_links":{"self":[{"href":"https:\/\/megamascotasdf.com\/megamascotas\/wp-json\/wp\/v2\/product\/2128"}],"collection":[{"href":"https:\/\/megamascotasdf.com\/megamascotas\/wp-json\/wp\/v2\/product"}],"about":[{"href":"https:\/\/megamascotasdf.com\/megamascotas\/wp-json\/wp\/v2\/types\/product"}],"replies":[{"embeddable":true,"href":"https:\/\/megamascotasdf.com\/megamascotas\/wp-json\/wp\/v2\/comments?post=2128"}],"wp:featuredmedia":[{"embeddable":true,"href":"https:\/\/megamascotasdf.com\/megamascotas\/wp-json\/wp\/v2\/media\/7832"}],"wp:attachment":[{"href":"https:\/\/megamascotasdf.com\/megamascotas\/wp-json\/wp\/v2\/media?parent=2128"}],"wp:term":[{"taxonomy":"product_cat","embeddable":true,"href":"https:\/\/megamascotasdf.com\/megamascotas\/wp-json\/wp\/v2\/product_cat?post=2128"},{"taxonomy":"product_tag","embeddable":true,"href":"https:\/\/megamascotasdf.com\/megamascotas\/wp-json\/wp\/v2\/product_tag?post=2128"}],"curies":[{"name":"wp","href":"https:\/\/api.w.org\/{rel}","templated":true}]}}