{"id":2088,"date":"2018-06-23T15:45:38","date_gmt":"2018-06-23T21:45:38","guid":{"rendered":"http:\/\/megamascotasdf.com\/megamascotas\/?post_type=product&#038;p=2088"},"modified":"2022-06-03T14:26:27","modified_gmt":"2022-06-03T20:26:27","slug":"clarity-seachem","status":"publish","type":"product","link":"https:\/\/megamascotasdf.com\/megamascotas\/producto\/clarity-seachem\/","title":{"rendered":"Clarity Seachem"},"content":{"rendered":"<p>Clarity es el clarificador definitivo para acuarios de agua dulce y agua salada. Elimina todo tipo de lechosidad y turbidez.<\/p>\n<p>Contiene un avanzado agente floculante polim\u00e9rico totalmente inocuo, lo que lo hace seguro tanto para acuarios de arrecife como plantados.<\/p>\n<p>Al agregar Clarity al agua, ver\u00e1 que comienza a formarse una neblina turbia. Esto es normal y significa que Clarity est\u00e1 comenzando a funcionar. El agua est\u00e1 llena de diminutos trozos de materia flotante que no eran visibles a simple vista. Clarity hace que esas piezas de materia comiencen a agruparse. A medida que se agrupan, forman piezas m\u00e1s grandes de materia que ahora son visibles, de ah\u00ed la nubosidad. Una vez que esta materia se ha agrupado, es una simple cuesti\u00f3n de filtraci\u00f3n mec\u00e1nica para eliminar el residuo. La materia que alguna vez fue demasiado peque\u00f1a para quedar atrapada en los medios filtrantes ahora se encuentra en grupos lo suficientemente grandes.<\/p>\n<p>Use 1 tapa (5 mL) por cada 80 L. En algunas situaciones, la turbidez puede aumentar despu\u00e9s de agregar Clarity; sin embargo, esto es normal y es una se\u00f1al de que Clarity est\u00e1 funcionando activamente. Seguir\u00e1 una aclaraci\u00f3n r\u00e1pida (1 a 2 horas). En el caso de enturbiamiento por productos qu\u00edmicos o part\u00edculas, limpie el filtro o el cartucho despu\u00e9s de limpiar el tanque.<\/p>\n","protected":false},"excerpt":{"rendered":"<p>Clarity es el clarificador definitivo para acuarios de agua dulce y agua salada. Elimina todo tipo de lechosidad y turbidez. Contiene un avanzado agente floculante polim\u00e9rico totalmente inocuo, lo que lo hace seguro tanto para acuarios de arrecife como plantados. Al agregar Clarity al agua, ver\u00e1 que comienza a formarse una neblina turbia. Esto es [&hellip;]<\/p>\n","protected":false},"featured_media":7735,"comment_status":"open","ping_status":"closed","template":"","meta":[],"product_cat":[18,96],"product_tag":[120],"jetpack_publicize_connections":[],"_links":{"self":[{"href":"https:\/\/megamascotasdf.com\/megamascotas\/wp-json\/wp\/v2\/product\/2088"}],"collection":[{"href":"https:\/\/megamascotasdf.com\/megamascotas\/wp-json\/wp\/v2\/product"}],"about":[{"href":"https:\/\/megamascotasdf.com\/megamascotas\/wp-json\/wp\/v2\/types\/product"}],"replies":[{"embeddable":true,"href":"https:\/\/megamascotasdf.com\/megamascotas\/wp-json\/wp\/v2\/comments?post=2088"}],"wp:featuredmedia":[{"embeddable":true,"href":"https:\/\/megamascotasdf.com\/megamascotas\/wp-json\/wp\/v2\/media\/7735"}],"wp:attachment":[{"href":"https:\/\/megamascotasdf.com\/megamascotas\/wp-json\/wp\/v2\/media?parent=2088"}],"wp:term":[{"taxonomy":"product_cat","embeddable":true,"href":"https:\/\/megamascotasdf.com\/megamascotas\/wp-json\/wp\/v2\/product_cat?post=2088"},{"taxonomy":"product_tag","embeddable":true,"href":"https:\/\/megamascotasdf.com\/megamascotas\/wp-json\/wp\/v2\/product_tag?post=2088"}],"curies":[{"name":"wp","href":"https:\/\/api.w.org\/{rel}","templated":true}]}}