{"id":2062,"date":"2018-06-09T14:12:05","date_gmt":"2018-06-09T20:12:05","guid":{"rendered":"http:\/\/megamascotasdf.com\/megamascotas\/?post_type=product&#038;p=2062"},"modified":"2022-06-09T15:01:25","modified_gmt":"2022-06-09T21:01:25","slug":"reef-fusion1-seachem","status":"publish","type":"product","link":"https:\/\/megamascotasdf.com\/megamascotas\/producto\/reef-fusion1-seachem\/","title":{"rendered":"Reef Fusion 1 Seachem"},"content":{"rendered":"<p>Reef Fusion 1 y Reef Fusion 2 son la base de un sistema formulado para proporcionar lo esencial para el acuario de arrecife.<\/p>\n<p>Reef Fusion 1 proporciona calcio, mientras que Reef Fusion 2 proporciona carbonatos y bicarbonatos. Cuando se usan juntos, el sistema Reef Fusion mantendr\u00e1 los niveles de calcio y la alcalinidad.<\/p>\n<p>Reef Fusion 1 proporciona no solo 100,000 mg\/L de calcio i\u00f3nico, sino que tambi\u00e9n incluye niveles biol\u00f3gicamente apropiados de magnesio, estroncio, boro, hierro, manganeso y molibdeno.<\/p>\n<p>Dosificar el acuario cada 1-2 d\u00edas. Agitar bien antes de usar. Agregue 1 mL de Reef Fusion 1 por cada 25 L de agua. (Para fines de referencia, la tapa contiene 5 ml). Agregue esto a un \u00e1rea de alta corriente del tanque. Espere unos minutos, luego agregue Reef Fusion 2 de la misma manera, 1 mL por 25 L, despu\u00e9s de agitar bien. Se prefiere que los dos productos se agreguen en ubicaciones separadas en el tanque. Esta dosis aporta 4 mg\/L de calcio y 0,176 meq\/L de alcalinidad.<\/p>\n<p>No es necesario que los use juntos. Si su sistema est\u00e1 desequilibrado, puede usar los suplementos individualmente para ajustarse al rango deseado de calcio o alcalinidad.<\/p>\n<p>NUNCA mezcle Reef Fusion 1 con Reef Fusion 2 directamente.<\/p>\n<p>Mantener el nivel de calcio entre 380-420 mg\/L. Mantenga la alcalinidad entre 3-6 meq\/L. Se puede aumentar el tama\u00f1o o la frecuencia de la dosis si el r\u00e9gimen de dosificaci\u00f3n es insuficiente para mantener el calcio y la alcalinidad en estos rangos, pero no exceda los 4 ml\/25 L por d\u00eda.<\/p>\n","protected":false},"excerpt":{"rendered":"<p>Calcio i\u00f3nico.<\/p>\n","protected":false},"featured_media":7856,"comment_status":"open","ping_status":"closed","template":"","meta":[],"product_cat":[121,18],"product_tag":[120],"jetpack_publicize_connections":[],"_links":{"self":[{"href":"https:\/\/megamascotasdf.com\/megamascotas\/wp-json\/wp\/v2\/product\/2062"}],"collection":[{"href":"https:\/\/megamascotasdf.com\/megamascotas\/wp-json\/wp\/v2\/product"}],"about":[{"href":"https:\/\/megamascotasdf.com\/megamascotas\/wp-json\/wp\/v2\/types\/product"}],"replies":[{"embeddable":true,"href":"https:\/\/megamascotasdf.com\/megamascotas\/wp-json\/wp\/v2\/comments?post=2062"}],"wp:featuredmedia":[{"embeddable":true,"href":"https:\/\/megamascotasdf.com\/megamascotas\/wp-json\/wp\/v2\/media\/7856"}],"wp:attachment":[{"href":"https:\/\/megamascotasdf.com\/megamascotas\/wp-json\/wp\/v2\/media?parent=2062"}],"wp:term":[{"taxonomy":"product_cat","embeddable":true,"href":"https:\/\/megamascotasdf.com\/megamascotas\/wp-json\/wp\/v2\/product_cat?post=2062"},{"taxonomy":"product_tag","embeddable":true,"href":"https:\/\/megamascotasdf.com\/megamascotas\/wp-json\/wp\/v2\/product_tag?post=2062"}],"curies":[{"name":"wp","href":"https:\/\/api.w.org\/{rel}","templated":true}]}}