{"id":1906,"date":"2018-06-06T14:57:38","date_gmt":"2018-06-06T20:57:38","guid":{"rendered":"http:\/\/megamascotasdf.com\/megamascotas\/?post_type=product&#038;p=1906"},"modified":"2023-02-16T17:10:51","modified_gmt":"2023-02-16T23:10:51","slug":"1906","status":"publish","type":"product","link":"https:\/\/megamascotasdf.com\/megamascotas\/producto\/1906\/","title":{"rendered":"Flourish Excel Seachem"},"content":{"rendered":"<p>Flourish Excel\u2122 es una fuente de carbono org\u00e1nico\u00a0biodisponible para las platas de acuario. Todas las plantas<br \/>\nrequieren una fuente de carbono que normalmente se\u00a0obtiene del CO2, pero tambi\u00e9n puede ser obtenido derivando<br \/>\nciertos compuestos org\u00e1nicos simples llamados\u00a0intermediarios fotosint\u00e9ticos.<\/p>\n<p>Flourish Excel\u2122 es una fuente de carbono org\u00e1nico biodisponible para las platas de acuario. Todas las plantas requieren una fuente de carbono que normalmente se obtiene del CO2,\u00a0pero tambi\u00e9n puede ser obtenido derivando ciertos compuestos org\u00e1nicos simples llamados intermediarios fotosint\u00e9ticos. El uso de inyecci\u00f3n de CO2 no hace innecesaria la utilizaci\u00f3n\u00a0de Flourish Excel\u2122 y viceversa, ya que los procesos de producci\u00f3n fotosint\u00e9ticos intermedios se producen simult\u00e1neamente sobre las plantas. De este modo podemos obtener un beneficio sustancial con el uso de Flourish Excel\u2122 solo o en combinaci\u00f3n con un m\u00e9todo de inyecci\u00f3n de CO2. Esta combinaci\u00f3n sin\u00e9rgica resulta especialmente ideal para aquellas\u00a0situaciones en las que continuar a\u00f1adiendo CO2 puede dar como resultado niveles peligrosamente bajos de pH. Flourish Excel\u2122 tambi\u00e9n tiene propiedades reductivas del hierro que<br \/>\npromueven el estado ferroso de este nutriente esencial (Fe+2), que es utilizado por las plantas de forma m\u00e1s accesible y eficiente que el hierro en estado f\u00e9rrico (Fe +3). Las plantas\u00a0necesitan CO2 para producir largas cadenas de compuestos con base de carbono tambi\u00e9n conocidos como intermediarios fotosint\u00e9ticos de plantas. Estos compuestos tales como la\u00a0ribulosa 1, 5-bifosfato y 2-carboxy-3-keto-D-arabinitol 1,5 bifosfato presentan nombres complicados, aunque sus estructuras qu\u00edmicas son bastante simples (5 cadenas de carbono).<\/p>\n<p>Flourish Excel\u2122 no contiene estos compuestos espec\u00edficos, pero s\u00ed uno que es bastante similar. Dosificando Flourish Excel\u2122 puede omitir el uso de CO2 introduciendo compuestos estructuralmente similares ya terminados y listos para la absorci\u00f3n de plantas. La similitud estructural de Flourish Excel\u2122 permite que sea utilizado en los procesos de construcci\u00f3n\u00a0de cadenas de carbono de la fotos\u00edntesis. Mediante simples procesos qu\u00edmicos o enzim\u00e1ticos las plantas pueden convertir f\u00e1cilmente Flourish Excel\u2122 en cualquiera de los compuestos\u00a0arriba mencionados y otros m\u00e1s.<\/p>\n","protected":false},"excerpt":{"rendered":"<p><span lang=\"es\">-F<\/span><span lang=\"es\">uente de carbono org\u00e1nico <\/span><\/p>\n<p><span lang=\"es\">-Usar como una alternativa a la inyecci\u00f3n de CO2 <\/span><\/p>\n<p><span lang=\"es\">-Presenta productos intermedios fotosint\u00e9ticos<\/span><\/p>\n","protected":false},"featured_media":1914,"comment_status":"open","ping_status":"closed","template":"","meta":[],"product_cat":[127,18,56],"product_tag":[122,120],"jetpack_publicize_connections":[],"_links":{"self":[{"href":"https:\/\/megamascotasdf.com\/megamascotas\/wp-json\/wp\/v2\/product\/1906"}],"collection":[{"href":"https:\/\/megamascotasdf.com\/megamascotas\/wp-json\/wp\/v2\/product"}],"about":[{"href":"https:\/\/megamascotasdf.com\/megamascotas\/wp-json\/wp\/v2\/types\/product"}],"replies":[{"embeddable":true,"href":"https:\/\/megamascotasdf.com\/megamascotas\/wp-json\/wp\/v2\/comments?post=1906"}],"wp:featuredmedia":[{"embeddable":true,"href":"https:\/\/megamascotasdf.com\/megamascotas\/wp-json\/wp\/v2\/media\/1914"}],"wp:attachment":[{"href":"https:\/\/megamascotasdf.com\/megamascotas\/wp-json\/wp\/v2\/media?parent=1906"}],"wp:term":[{"taxonomy":"product_cat","embeddable":true,"href":"https:\/\/megamascotasdf.com\/megamascotas\/wp-json\/wp\/v2\/product_cat?post=1906"},{"taxonomy":"product_tag","embeddable":true,"href":"https:\/\/megamascotasdf.com\/megamascotas\/wp-json\/wp\/v2\/product_tag?post=1906"}],"curies":[{"name":"wp","href":"https:\/\/api.w.org\/{rel}","templated":true}]}}