{"id":1659,"date":"2017-11-11T11:34:59","date_gmt":"2017-11-11T17:34:59","guid":{"rendered":"http:\/\/megamascotasdf.com\/megamascotas\/?post_type=product&#038;p=1659"},"modified":"2022-06-18T13:51:22","modified_gmt":"2022-06-18T19:51:22","slug":"sustrato-chipsi-para-roedores","status":"publish","type":"product","link":"https:\/\/megamascotasdf.com\/megamascotas\/producto\/sustrato-chipsi-para-roedores\/","title":{"rendered":"Sustrato p\/Mam\u00edferos Peque\u00f1os CHIPSI 1Kg"},"content":{"rendered":"<p>Las variedades de sustratos CHIPSI perfumados est\u00e1n hechos con virutas de madera blanda.\u00a0Absorben la humedad de manera muy efectiva, manteniendo la jaula agradablemente seca, garantizando la m\u00e1xima limpieza y emitiendo un aroma excepcionalmente\u00a0fresco y afrutado, sin recurrir a productos qu\u00edmicos.<\/p>\n<p>Presentaci\u00f3n de 1Kg.<\/p>\n","protected":false},"excerpt":{"rendered":"<p>Las variedades de sustratos CHIPSI perfumados est\u00e1n hechos con virutas de madera blanda.\u00a0Absorben la humedad de manera muy efectiva, manteniendo la jaula agradablemente seca, garantizando la m\u00e1xima limpieza y emitiendo un aroma excepcionalmente\u00a0fresco y afrutado, sin recurrir a productos qu\u00edmicos. Presentaci\u00f3n de 1Kg.<\/p>\n","protected":false},"featured_media":7881,"comment_status":"open","ping_status":"closed","template":"","meta":[],"product_cat":[19,66,67],"product_tag":[],"jetpack_publicize_connections":[],"_links":{"self":[{"href":"https:\/\/megamascotasdf.com\/megamascotas\/wp-json\/wp\/v2\/product\/1659"}],"collection":[{"href":"https:\/\/megamascotasdf.com\/megamascotas\/wp-json\/wp\/v2\/product"}],"about":[{"href":"https:\/\/megamascotasdf.com\/megamascotas\/wp-json\/wp\/v2\/types\/product"}],"replies":[{"embeddable":true,"href":"https:\/\/megamascotasdf.com\/megamascotas\/wp-json\/wp\/v2\/comments?post=1659"}],"wp:featuredmedia":[{"embeddable":true,"href":"https:\/\/megamascotasdf.com\/megamascotas\/wp-json\/wp\/v2\/media\/7881"}],"wp:attachment":[{"href":"https:\/\/megamascotasdf.com\/megamascotas\/wp-json\/wp\/v2\/media?parent=1659"}],"wp:term":[{"taxonomy":"product_cat","embeddable":true,"href":"https:\/\/megamascotasdf.com\/megamascotas\/wp-json\/wp\/v2\/product_cat?post=1659"},{"taxonomy":"product_tag","embeddable":true,"href":"https:\/\/megamascotasdf.com\/megamascotas\/wp-json\/wp\/v2\/product_tag?post=1659"}],"curies":[{"name":"wp","href":"https:\/\/api.w.org\/{rel}","templated":true}]}}