{"id":1262,"date":"2017-10-28T14:37:51","date_gmt":"2017-10-28T20:37:51","guid":{"rendered":"http:\/\/megamascotasdf.com\/megamascotas\/?post_type=product&#038;p=1262"},"modified":"2026-03-30T16:55:11","modified_gmt":"2026-03-30T22:55:11","slug":"nupec-cachorro-raza-med-gde","status":"publish","type":"product","link":"https:\/\/megamascotasdf.com\/megamascotas\/producto\/nupec-cachorro-raza-med-gde\/","title":{"rendered":"Nupec - Cachorro"},"content":{"rendered":"<p>En Nupec, conscientes de las necesidades espec\u00edficas de un cachorro. Sabiendo que se encuentra en desarrollo y necesita el doble de energ\u00eda que un adulto del mismo peso, ha dise\u00f1ado un alimento con el balance de vitaminas, minerales, grasas, prote\u00ednas y energ\u00eda adecuados para esta etapa de vida que definir\u00e1 su calidad de vida adulta.<\/p>\n<p>Nupec toma en cuenta que el cachorro:<\/p>\n<ul>\n<li>Tiene boca y dientes m\u00e1s peque\u00f1os.<\/li>\n<li>Tiene menor capacidad intestinal.<\/li>\n<li>Crece muy r\u00e1pido en los primeros 6 meses.<\/li>\n<li>Las razas peque\u00f1as alcanzan la talla madura entre 7 a 12 meses, las grandes y gigantes de 12 a 18 meses.<\/li>\n<li>El exceso de calcio y f\u00f3sforo provoca malformaci\u00f3n de los huesos.<\/li>\n<li>Demanda casi el doble de energ\u00eda que un adulto del mismo peso.<\/li>\n<li>Puede volverse un adulto obeso si recibe exceso de energ\u00eda cuando es cachorro.<\/li>\n<\/ul>\n<p>Ingredientes:<br \/>\nHarina de carne de res, arroz, ma\u00edz, carne de pollo, harina de carne de pollo, concentrado de prote\u00edna vegetal, grasa de pollo, pulpa de remolacha, semilla de linaza, harina de pescado, sabor natural de pollo, f\u00f3sforo, calcio, sodio, extracto de ra\u00edz de achicoria, cloruro de colina, levadura hidrolizada (Saccharomyces cerevisiae activa 10x1010), lisina, acetato de retinol (fuente de vitamina A), colecalciferol (fuente de vitamina D), acetato de DL- alpha tocoferol (fuente de vitamina E), menadiona nicotinamida bisulfato (fuente de vitamina K), \u00e1cido asc\u00f3rbico (fuente de vitamina C), mononitrato de tiamina (fuente de vitamina B1), riboflavina (fuente de vitamina B2), \u00e1cido nicot\u00ednico (fuente de vitamina B3), clorhidrato de piridoxina (fuente de vitamina B6), cianocobalamina (fuente de vitamina B12), D-biotina (fuente de vitamina H), D-pantotenato de calcio (fuente de vitamina B5), \u00e1cido f\u00f3lico, hierro org\u00e1nico, manganeso org\u00e1nico, selenio org\u00e1nico, cobre org\u00e1nico, zinc org\u00e1nico, EDDI, extracto de Yucca schidigera, mezcla de romero y tocoferoles como conservadores.<\/p>\n","protected":false},"excerpt":{"rendered":"<p>Alimento en croquetas para perros cachorros.<\/p>\n","protected":false},"featured_media":7599,"comment_status":"open","ping_status":"closed","template":"","meta":[],"product_cat":[16,22],"product_tag":[110],"jetpack_publicize_connections":[],"_links":{"self":[{"href":"https:\/\/megamascotasdf.com\/megamascotas\/wp-json\/wp\/v2\/product\/1262"}],"collection":[{"href":"https:\/\/megamascotasdf.com\/megamascotas\/wp-json\/wp\/v2\/product"}],"about":[{"href":"https:\/\/megamascotasdf.com\/megamascotas\/wp-json\/wp\/v2\/types\/product"}],"replies":[{"embeddable":true,"href":"https:\/\/megamascotasdf.com\/megamascotas\/wp-json\/wp\/v2\/comments?post=1262"}],"wp:featuredmedia":[{"embeddable":true,"href":"https:\/\/megamascotasdf.com\/megamascotas\/wp-json\/wp\/v2\/media\/7599"}],"wp:attachment":[{"href":"https:\/\/megamascotasdf.com\/megamascotas\/wp-json\/wp\/v2\/media?parent=1262"}],"wp:term":[{"taxonomy":"product_cat","embeddable":true,"href":"https:\/\/megamascotasdf.com\/megamascotas\/wp-json\/wp\/v2\/product_cat?post=1262"},{"taxonomy":"product_tag","embeddable":true,"href":"https:\/\/megamascotasdf.com\/megamascotas\/wp-json\/wp\/v2\/product_tag?post=1262"}],"curies":[{"name":"wp","href":"https:\/\/api.w.org\/{rel}","templated":true}]}}