{"id":1242,"date":"2017-10-28T14:09:00","date_gmt":"2017-10-28T20:09:00","guid":{"rendered":"http:\/\/megamascotasdf.com\/megamascotas\/?post_type=product&#038;p=1242"},"modified":"2026-03-30T16:57:27","modified_gmt":"2026-03-30T22:57:27","slug":"nupec-cachorro-raza-pequena","status":"publish","type":"product","link":"https:\/\/megamascotasdf.com\/megamascotas\/producto\/nupec-cachorro-raza-pequena\/","title":{"rendered":"Nupec - Cachorro Razas Peque\u00f1as"},"content":{"rendered":"<p>Conscientes de que un cachorro de raza peque\u00f1a alcanza su etapa adulta en menor tiempo (de 7 a 12 meses), y que tiene un tracto digestivo con una capacidad limitada, Nupec ha dise\u00f1ado un alimento con la densidad nutricional y energ\u00e9tica que les ayuda a potencializar el crecimiento que definir\u00e1 su calidad de vida adulta.<\/p>\n<p>Nupec\u00a0toma en cuenta que las razas peque\u00f1as:<\/p>\n<ul>\n<li>En general son las de menos de 15 kg en edad adulta (incluye talla \u201cMINI\u201d de menos de 5 kg).<\/li>\n<li>Demandan casi el doble de energ\u00eda que un adulto del mismo peso pues, tienen un metabolismo m\u00e1s acelerado.<\/li>\n<li>Por lo anterior, sus consumos diarios de alimento son diferentes (requieren m\u00e1s energ\u00eda por kilogramo de peso vivo).<\/li>\n<li>La densidad del alimento es diferente (croqueta m\u00e1s peque\u00f1a).<\/li>\n<\/ul>\n<p>Ingredientes:<br \/>\nHarina de carne de res, arroz, ma\u00edz, carne de pollo, harina de carne de pollo, concentrado de prote\u00edna vegetal, grasa de pollo, pulpa de remolacha, semilla de linaza, harina de pescado, sabor natural de pollo, f\u00f3sforo, calcio, sodio, extracto de ra\u00edz de achicoria, cloruro de colina, levadura hidrolizada (Saccharomyces cerevisiae activa 10x1010 ), lisina, acetato de retinol (fuente de vitamina A), colecalciferol (fuente de vitamina D), acetato de DL- alpha tocoferol (fuente de vitamina E), menadiona nicotinamida bisulfato (fuente de vitamina K), \u00e1cido asc\u00f3rbico (fuente de vitamina C), mononitrato de tiamina (fuente de vitamina B1), riboflavina (fuente de vitamina B2), \u00e1cido nicot\u00ednico (fuente de vitamina B3), clorhidrato de piridoxina (fuente de vitamina B6), cianocobalamina (fuente de vitamina B12), D-biotina (fuente de vitamina H), D-pantotenato de calcio (fuente de vitamina B5), \u00e1cido f\u00f3lico, hierro org\u00e1nico, manganeso org\u00e1nico, selenio org\u00e1nico, cobre org\u00e1nico, zinc org\u00e1nico, EDDI, extracto de Yucca schidigera, mezcla de romero y tocoferoles como conservadores.<\/p>\n","protected":false},"excerpt":{"rendered":"<p>Alimento en croquetas para cachorros de razas peque\u00f1as.<\/p>\n","protected":false},"featured_media":7594,"comment_status":"open","ping_status":"closed","template":"","meta":[],"product_cat":[16,22],"product_tag":[110],"jetpack_publicize_connections":[],"_links":{"self":[{"href":"https:\/\/megamascotasdf.com\/megamascotas\/wp-json\/wp\/v2\/product\/1242"}],"collection":[{"href":"https:\/\/megamascotasdf.com\/megamascotas\/wp-json\/wp\/v2\/product"}],"about":[{"href":"https:\/\/megamascotasdf.com\/megamascotas\/wp-json\/wp\/v2\/types\/product"}],"replies":[{"embeddable":true,"href":"https:\/\/megamascotasdf.com\/megamascotas\/wp-json\/wp\/v2\/comments?post=1242"}],"wp:featuredmedia":[{"embeddable":true,"href":"https:\/\/megamascotasdf.com\/megamascotas\/wp-json\/wp\/v2\/media\/7594"}],"wp:attachment":[{"href":"https:\/\/megamascotasdf.com\/megamascotas\/wp-json\/wp\/v2\/media?parent=1242"}],"wp:term":[{"taxonomy":"product_cat","embeddable":true,"href":"https:\/\/megamascotasdf.com\/megamascotas\/wp-json\/wp\/v2\/product_cat?post=1242"},{"taxonomy":"product_tag","embeddable":true,"href":"https:\/\/megamascotasdf.com\/megamascotas\/wp-json\/wp\/v2\/product_tag?post=1242"}],"curies":[{"name":"wp","href":"https:\/\/api.w.org\/{rel}","templated":true}]}}