{"id":123,"date":"2017-08-11T20:00:23","date_gmt":"2017-08-12T02:00:23","guid":{"rendered":"http:\/\/megamascotasdf.com\/megamascotas\/?post_type=product&#038;p=123"},"modified":"2026-03-30T16:58:04","modified_gmt":"2026-03-30T22:58:04","slug":"nupec-raza-pequena","status":"publish","type":"product","link":"https:\/\/megamascotasdf.com\/megamascotas\/producto\/nupec-raza-pequena\/","title":{"rendered":"Nupec - Adulto Razas Peque\u00f1as"},"content":{"rendered":"<p>El tama\u00f1o y la consistencia de cada croqueta est\u00e1n especialmente dise\u00f1ados para la mand\u00edbula y tracto digestivo de un canino adulto de raza peque\u00f1a.<\/p>\n<p>Un perro adulto de raza peque\u00f1a est\u00e1 considerado como:<\/p>\n<ul>\n<li>De menos de 15 kg en edad adulta (incluye talla \u201cMINI\u201d de menos de 5 kg).<\/li>\n<li>Demandan casi el doble de energ\u00eda que un adulto del mismo peso pues, tienen un metabolismo m\u00e1s acelerado.<\/li>\n<li>Por lo anterior, sus consumos diarios de alimento son diferentes (requieren m\u00e1s energ\u00eda por kilogramo de peso vivo).<\/li>\n<li>La densidad del alimento es diferente (croqueta m\u00e1s peque\u00f1a).<\/li>\n<\/ul>\n<p>Caracter\u00edsticas Principales<\/p>\n<ul>\n<li>Es ideal para perros de menos de 15 Kg, Incluyendo Razas Mini.<\/li>\n<li>Debido al r\u00e1pido metabolismo de las razas peque\u00f1as la energ\u00eda necesaria para tu mascota se encuentra en cantidades m\u00e1s peque\u00f1as.<\/li>\n<li>La croqueta de esta comida es m\u00e1s peque\u00f1a, para que sea m\u00e1s c\u00f3modo para tu perro.<\/li>\n<li>Cuida el organismo de tu perro ya que est\u00e1n llenos de nutrientes esenciales y son de f\u00e1cil digesti\u00f3n.<\/li>\n<\/ul>\n<p>Ingredientes:<br \/>\nHarina de carne de res, arroz, ma\u00edz, carne de pollo, concentrado de prote\u00edna vegetal, grasa de pollo, harina de carne de pollo, pulpa de remolacha, semilla de linaza, harina de pescado, sabor natural de pollo, f\u00f3sforo, calcio, sodio, extracto de ra\u00edz de achicoria, cloruro de colina, levadura hidrolizada (Saccharomyces cerevisiae activa 10x1010 ), acetato de retinol (fuente de vitamina A), colecalciferol (fuente de vitamina D), acetato de DL- alpha tocoferol (fuente de vitamina E), menadiona nicotinamida bisulfato (fuente de vitamina K), \u00e1cido asc\u00f3rbico (fuente de vitamina C), mononitrato de tiamina (fuente de vitamina B1), riboflavina (fuente de vitamina B2), \u00e1cido nicot\u00ednico (fuente de vitamina B3), clorhidrato de piridoxina (fuente de vitamina B6), cianocobalamina (fuente de vitamina B12), D-biotina (fuente de vitamina H), D-pantotenato de calcio (fuente de vitamina B5), \u00e1cido f\u00f3lico, hierro org\u00e1nico, manganeso org\u00e1nico, selenio org\u00e1nico, cobre org\u00e1nico, zinc org\u00e1nico, EDDI, extracto de Yucca schidigera, mezcla de romero y tocoferoles como conservadores.<\/p>\n","protected":false},"excerpt":{"rendered":"<p>Alimento en croquetas para perros de razas peque\u00f1as.<\/p>\n","protected":false},"featured_media":7585,"comment_status":"open","ping_status":"closed","template":"","meta":[],"product_cat":[16,22],"product_tag":[110],"jetpack_publicize_connections":[],"_links":{"self":[{"href":"https:\/\/megamascotasdf.com\/megamascotas\/wp-json\/wp\/v2\/product\/123"}],"collection":[{"href":"https:\/\/megamascotasdf.com\/megamascotas\/wp-json\/wp\/v2\/product"}],"about":[{"href":"https:\/\/megamascotasdf.com\/megamascotas\/wp-json\/wp\/v2\/types\/product"}],"replies":[{"embeddable":true,"href":"https:\/\/megamascotasdf.com\/megamascotas\/wp-json\/wp\/v2\/comments?post=123"}],"wp:featuredmedia":[{"embeddable":true,"href":"https:\/\/megamascotasdf.com\/megamascotas\/wp-json\/wp\/v2\/media\/7585"}],"wp:attachment":[{"href":"https:\/\/megamascotasdf.com\/megamascotas\/wp-json\/wp\/v2\/media?parent=123"}],"wp:term":[{"taxonomy":"product_cat","embeddable":true,"href":"https:\/\/megamascotasdf.com\/megamascotas\/wp-json\/wp\/v2\/product_cat?post=123"},{"taxonomy":"product_tag","embeddable":true,"href":"https:\/\/megamascotasdf.com\/megamascotas\/wp-json\/wp\/v2\/product_tag?post=123"}],"curies":[{"name":"wp","href":"https:\/\/api.w.org\/{rel}","templated":true}]}}