{"id":1057,"date":"2017-10-16T16:10:54","date_gmt":"2017-10-16T22:10:54","guid":{"rendered":"http:\/\/megamascotasdf.com\/megamascotas\/?post_type=product&#038;p=1057"},"modified":"2022-08-06T13:50:26","modified_gmt":"2022-08-06T19:50:26","slug":"jaula-tucuman-loros","status":"publish","type":"product","link":"https:\/\/megamascotasdf.com\/megamascotas\/producto\/jaula-tucuman-loros\/","title":{"rendered":"Jaula Tucuman Loros"},"content":{"rendered":"<div>La jaula cuenta con dos perchas y cuatro comederos. Es de metal con base y ruedas para su f\u00e1cil desplazamiento. Puertas laterales para poner el agua y la comida. Una puerta principal al frente de la jaula que se abre a presi\u00f3n. Bandeja sanitaria de f\u00e1cil acceso y piso de rejilla como protecci\u00f3n. Barrotes firmes y duros.<\/div>\n<div>\n<p>\u00a0Medidas: 93 cm ancho x 69.5 cm fondo x 150 cm alto.<\/p>\n<div>Charola: 91cm x 114 cm<\/div>\n<div><\/div>\n<\/div>\n","protected":false},"excerpt":{"rendered":"<p>Medidas: 93 cm ancho x 69.5 cm fondo x 150 cm alto. Charola: 91cm x 114 cm<\/p>\n","protected":false},"featured_media":1058,"comment_status":"open","ping_status":"closed","template":"","meta":[],"product_cat":[20,70],"product_tag":[],"jetpack_publicize_connections":[],"_links":{"self":[{"href":"https:\/\/megamascotasdf.com\/megamascotas\/wp-json\/wp\/v2\/product\/1057"}],"collection":[{"href":"https:\/\/megamascotasdf.com\/megamascotas\/wp-json\/wp\/v2\/product"}],"about":[{"href":"https:\/\/megamascotasdf.com\/megamascotas\/wp-json\/wp\/v2\/types\/product"}],"replies":[{"embeddable":true,"href":"https:\/\/megamascotasdf.com\/megamascotas\/wp-json\/wp\/v2\/comments?post=1057"}],"wp:featuredmedia":[{"embeddable":true,"href":"https:\/\/megamascotasdf.com\/megamascotas\/wp-json\/wp\/v2\/media\/1058"}],"wp:attachment":[{"href":"https:\/\/megamascotasdf.com\/megamascotas\/wp-json\/wp\/v2\/media?parent=1057"}],"wp:term":[{"taxonomy":"product_cat","embeddable":true,"href":"https:\/\/megamascotasdf.com\/megamascotas\/wp-json\/wp\/v2\/product_cat?post=1057"},{"taxonomy":"product_tag","embeddable":true,"href":"https:\/\/megamascotasdf.com\/megamascotas\/wp-json\/wp\/v2\/product_tag?post=1057"}],"curies":[{"name":"wp","href":"https:\/\/api.w.org\/{rel}","templated":true}]}}